{"id":39,"date":"2023-10-29T18:18:40","date_gmt":"2023-10-29T18:18:40","guid":{"rendered":"https:\/\/selkieanderson.com\/?page_id=39"},"modified":"2024-07-30T18:16:17","modified_gmt":"2024-07-30T18:16:17","slug":"instruments","status":"publish","type":"page","link":"https:\/\/selkieanderson.com\/en\/instruments","title":{"rendered":"Instruments"},"content":{"rendered":"<p>[et_pb_section fb_built=&#8220;1&#8243; _builder_version=&#8220;4.23&#8243; _module_preset=&#8220;default&#8220; global_colors_info=&#8220;{}&#8220;][et_pb_row _builder_version=&#8220;4.23&#8243; _module_preset=&#8220;default&#8220; global_colors_info=&#8220;{}&#8220;][et_pb_column type=&#8220;4_4&#8243; _builder_version=&#8220;4.23&#8243; _module_preset=&#8220;default&#8220; global_colors_info=&#8220;{}&#8220;][et_pb_heading title=&#8220;Musikinstrumente&#8220; _builder_version=&#8220;4.27.0&#8243; _module_preset=&#8220;default&#8220; title_level=&#8220;h2&#8243; title_font=&#8220;Montserrat||||||||&#8220; scroll_fade=&#8220;0|30|30|100|52%|100|100&#8243; hover_enabled=&#8220;0&#8243; global_colors_info=&#8220;{}&#8220; sticky_enabled=&#8220;0&#8243;][\/et_pb_heading][\/et_pb_column][\/et_pb_row][\/et_pb_section][et_pb_section fb_built=&#8220;1&#8243; disabled_on=&#8220;on|on|off&#8220; admin_label=&#8220;Sektion_desk&#8220; _builder_version=&#8220;4.23&#8243; _module_preset=&#8220;default&#8220; global_colors_info=&#8220;{}&#8220;][et_pb_row column_structure=&#8220;1_2,1_2&#8243; _builder_version=&#8220;4.23&#8243; _module_preset=&#8220;default&#8220; global_colors_info=&#8220;{}&#8220;][et_pb_column type=&#8220;1_2&#8243; _builder_version=&#8220;4.23&#8243; _module_preset=&#8220;default&#8220; global_colors_info=&#8220;{}&#8220;][et_pb_text _builder_version=&#8220;4.27.0&#8243; _module_preset=&#8220;default&#8220; scroll_fade=&#8220;0|30|30|100|60%|100|100&#8243; hover_enabled=&#8220;0&#8243; scroll_fade_tablet=&#8220;0|10|10|100|60%|100|100&#8243; scroll_fade_phone=&#8220;0|10|10|100|100%|100|100&#8243; scroll_fade_last_edited=&#8220;on|desktop&#8220; global_colors_info=&#8220;{}&#8220; sticky_enabled=&#8220;0&#8243;]<\/p>\n<h3><span>The (Celtic) Harp<\/span><\/h3>\n<p><span>The harp is one of the oldest instruments of humankind. The roots of the harp can be traced all the way back to the times around 3000 b.C.. The dreamy melodies of the harp continue to fascinate people until this day.<\/span><\/p>\n<p><span>There are various types of harps around, built in different ways depending on region and music style and equipped with different types of strings. From diatonic to chromatic harps, from strings made of gut to carbon or metal, from pedal harp to lever harp, from concert harp to travel harp, there are many variations around. Selkie's instruments are Celtic harps (or lever harps).<\/span><\/p>\n<p><span>You can find these instruments in Celtic folk lore as well as the folk music of today. They still play a large symbolic role in Celtic regions - the harp symbol on the Irish Euro coins, on the logo of the Guinness brewery or as the traditional iconic instrument of the bards. Despite (or perhaps because of) their ancient nature, there is a special kind of magic that flows through the sounds of harp music<\/span><\/p>\n<p>[\/et_pb_text][\/et_pb_column][et_pb_column type=&#8220;1_2&#8243; _builder_version=&#8220;4.23&#8243; _module_preset=&#8220;default&#8220; global_colors_info=&#8220;{}&#8220;][et_pb_image src=&#8220;https:\/\/selkieanderson.com\/wp-content\/uploads\/2023\/10\/Keltische-Harfe.jpg&#8220; title_text=&#8220;Keltische Harfe&#8220; _builder_version=&#8220;4.27.0&#8243; _module_preset=&#8220;default&#8220; height=&#8220;666px&#8220; custom_margin=&#8220;39px||||false|false&#8220; scroll_fade=&#8220;0|30|30|100|60%|100|100&#8243; hover_enabled=&#8220;0&#8243; border_radii=&#8220;on|11px|11px|11px|11px&#8220; box_shadow_style=&#8220;preset2&#8243; global_colors_info=&#8220;{}&#8220; sticky_enabled=&#8220;0&#8243;][\/et_pb_image][\/et_pb_column][\/et_pb_row][\/et_pb_section][et_pb_section fb_built=&#8220;1&#8243; prev_background_color=&#8220;#ffffff&#8220; disabled_on=&#8220;on|on|off&#8220; admin_label=&#8220;Sektion_divider_oben_welle_desk&#8220; _builder_version=&#8220;4.23&#8243; _module_preset=&#8220;default&#8220; background_color=&#8220;rgba(191,191,191,0.28)&#8220; top_divider_style=&#8220;wave2&#8243; bottom_divider_color=&#8220;rgba(191,191,191,0.28)&#8220; global_colors_info=&#8220;{}&#8220;][et_pb_row _builder_version=&#8220;4.23&#8243; _module_preset=&#8220;default&#8220; custom_margin=&#8220;||0px|0px|false|false&#8220; global_colors_info=&#8220;{}&#8220;][et_pb_column type=&#8220;4_4&#8243; _builder_version=&#8220;4.23&#8243; _module_preset=&#8220;default&#8220; global_colors_info=&#8220;{}&#8220;][\/et_pb_column][\/et_pb_row][\/et_pb_section][et_pb_section fb_built=&#8220;1&#8243; disabled_on=&#8220;on|on|off&#8220; admin_label=&#8220;Sektion_desk&#8220; module_id=&#8220;hang_desktop&#8220; _builder_version=&#8220;4.23&#8243; _module_preset=&#8220;default&#8220; background_color=&#8220;rgba(191,191,191,0.28)&#8220; global_colors_info=&#8220;{}&#8220;][et_pb_row column_structure=&#8220;1_2,1_2&#8243; _builder_version=&#8220;4.23&#8243; _module_preset=&#8220;default&#8220; global_colors_info=&#8220;{}&#8220;][et_pb_column type=&#8220;1_2&#8243; _builder_version=&#8220;4.23&#8243; _module_preset=&#8220;default&#8220; global_colors_info=&#8220;{}&#8220;][et_pb_image src=&#8220;https:\/\/selkieanderson.com\/wp-content\/uploads\/2023\/10\/Hang.jpg&#8220; title_text=&#8220;Hang&#8220; _builder_version=&#8220;4.23&#8243; _module_preset=&#8220;default&#8220; custom_margin=&#8220;76px||||false|false&#8220; scroll_fade_enable=&#8220;on&#8220; scroll_fade=&#8220;0|30|30|100|52%|100|100&#8243; border_radii=&#8220;on|11px|11px|11px|11px&#8220; box_shadow_style=&#8220;preset2&#8243; global_colors_info=&#8220;{}&#8220;][\/et_pb_image][\/et_pb_column][et_pb_column type=&#8220;1_2&#8243; _builder_version=&#8220;4.23&#8243; _module_preset=&#8220;default&#8220; global_colors_info=&#8220;{}&#8220;][et_pb_text _builder_version=&#8220;4.23&#8243; _module_preset=&#8220;default&#8220; custom_padding=&#8220;32px||||false|false&#8220; scroll_fade_enable=&#8220;on&#8220; scroll_fade=&#8220;0|30|30|100|52%|100|100&#8243; scroll_fade_tablet=&#8220;0|10|10|100|72%|100|100&#8243; scroll_fade_phone=&#8220;0|11|11|100|100%|100|100&#8243; scroll_fade_last_edited=&#8220;on|phone&#8220; global_colors_info=&#8220;{}&#8220;]<\/p>\n<h3>The Hang<\/h3>\n<p><span>The hang is a Swiss innovation from 2001. The term handpan has established itself for this type of instrument, as the hang started a wave of new instrument creations. The original hang that Selkie plays, was invented by Felix Rohner und Sabina Sch\u00e4rer in Bern, who created the hang building company PanArt back then.<\/span><\/p>\n<p><span>Hang music can take the listener into a mystical world of sound. Sensitive people can feel the tunes inside their entire body. The music that is played can range from meditative to percussive. There is something old to this new instrument, almost like it was not newly created but rediscovered.<\/span><\/p>\n<p><span>The hang was initially available in different keys and the instrument was developed to be played with the hands. This is where the name of the instrument comes from, because \"hang\" is a Swiss\/Bern word for hand. However, there are also other ways of playing it, for example with soft  \n rubber mallets to achieve different sounds. This creates melodies ranging from meditative to percussive.<\/span><\/p>\n<p><span>A lot has happened since the early days of this instrument, original hangs are no longer made but many other handpan companies have been on the rise.<\/span><\/p>\n<p>[\/et_pb_text][\/et_pb_column][\/et_pb_row][\/et_pb_section][et_pb_section fb_built=&#8220;1&#8243; disabled_on=&#8220;on|on|off&#8220; admin_label=&#8220;Sektion_desk_quer&#8220; module_id=&#8220;hang_quer&#8220; _builder_version=&#8220;4.23&#8243; _module_preset=&#8220;default&#8220; background_color=&#8220;rgba(191,191,191,0.28)&#8220; global_colors_info=&#8220;{}&#8220;][et_pb_row column_structure=&#8220;1_2,1_2&#8243; _builder_version=&#8220;4.23&#8243; _module_preset=&#8220;default&#8220; global_colors_info=&#8220;{}&#8220;][et_pb_column type=&#8220;1_2&#8243; _builder_version=&#8220;4.23&#8243; _module_preset=&#8220;default&#8220; global_colors_info=&#8220;{}&#8220;][et_pb_text _builder_version=&#8220;4.23&#8243; _module_preset=&#8220;default&#8220; custom_padding=&#8220;32px||||false|false&#8220; scroll_fade_enable=&#8220;on&#8220; scroll_fade=&#8220;0|30|30|100|52%|100|100&#8243; scroll_fade_tablet=&#8220;0|10|10|100|72%|100|100&#8243; scroll_fade_phone=&#8220;0|11|11|100|100%|100|100&#8243; scroll_fade_last_edited=&#8220;on|phone&#8220; global_colors_info=&#8220;{}&#8220;]<\/p>\n<h3>The Hang<\/h3>\n<p><span>The hang is a Swiss innovation from 2001. The term handpan has established itself for this type of instrument, as the hang started a wave of new instrument creations. The original hang that Selkie plays, was invented by Felix Rohner und Sabina Sch\u00e4rer in Bern, who created the hang building company PanArt back then.<\/span><\/p>\n<p><span>Hang music can take the listener into a mystical world of sound. Sensitive people can feel the tunes inside their entire body. The music that is played can range from meditative to percussive. There is something old to this new instrument, almost like it was not newly created but rediscovered.<\/span><\/p>\n<p><span>The hang was initially available in different keys and the instrument was developed to be played with the hands. This is where the name of the instrument comes from, because \"hang\" is a Swiss\/Bern word for hand. However, there are also other ways of playing it, for example with soft  \n rubber mallets to achieve different sounds. This creates melodies ranging from meditative to percussive.<\/span><\/p>\n<p><span>A lot has happened since the early days of this instrument, original hangs are no longer made but many other handpan companies have been on the rise.<\/span><\/p>\n<p>[\/et_pb_text][\/et_pb_column][et_pb_column type=&#8220;1_2&#8243; _builder_version=&#8220;4.23&#8243; _module_preset=&#8220;default&#8220; global_colors_info=&#8220;{}&#8220;][et_pb_image src=&#8220;https:\/\/selkieanderson.com\/wp-content\/uploads\/2023\/10\/Hang.jpg&#8220; title_text=&#8220;Hang&#8220; _builder_version=&#8220;4.23&#8243; _module_preset=&#8220;default&#8220; custom_margin=&#8220;76px||||false|false&#8220; scroll_fade_enable=&#8220;on&#8220; scroll_fade=&#8220;0|30|30|100|52%|100|100&#8243; border_radii=&#8220;on|11px|11px|11px|11px&#8220; box_shadow_style=&#8220;preset2&#8243; global_colors_info=&#8220;{}&#8220;][\/et_pb_image][\/et_pb_column][\/et_pb_row][\/et_pb_section][et_pb_section fb_built=&#8220;1&#8243; disabled_on=&#8220;off|off|on&#8220; admin_label=&#8220;Sektion_mb&#8220; _builder_version=&#8220;4.23&#8243; _module_preset=&#8220;default&#8220; background_enable_color=&#8220;off&#8220; global_colors_info=&#8220;{}&#8220;][et_pb_row column_structure=&#8220;1_2,1_2&#8243; _builder_version=&#8220;4.23&#8243; _module_preset=&#8220;default&#8220; global_colors_info=&#8220;{}&#8220;][et_pb_column type=&#8220;1_2&#8243; _builder_version=&#8220;4.23&#8243; _module_preset=&#8220;default&#8220; global_colors_info=&#8220;{}&#8220;][et_pb_text _builder_version=&#8220;4.23&#8243; _module_preset=&#8220;default&#8220; scroll_fade_enable=&#8220;on&#8220; scroll_fade=&#8220;0|30|30|100|52%|100|100&#8243; scroll_fade_tablet=&#8220;&#8220; scroll_fade_phone=&#8220;0|50|50|100|100%|100|100&#8243; scroll_fade_last_edited=&#8220;on|phone&#8220; global_colors_info=&#8220;{}&#8220;]<\/p>\n<h3><span>The (Celtic) Harp<\/span><\/h3>\n<p><span>The harp is one of the oldest instruments of humankind. The roots of the harp can be traced all the way back to the times around 3000 b.C.. The dreamy melodies of the harp continue to fascinate people until this day.<\/span><\/p>\n<p><span>There are various types of harps around, built in different ways depending on region and music style and equipped with different types of strings. From diatonic to chromatic harps, from strings made of gut to carbon or metal, from pedal harp to lever harp, from concert harp to travel harp, there are many variations around. Selkie's instruments are Celtic harps (or lever harps).<\/span><\/p>\n<p><span>You can find these instruments in Celtic folk lore as well as the folk music of today. They still play a large symbolic role in Celtic regions - the harp symbol on the Irish Euro coins, on the logo of the Guinness brewery or as the traditional iconic instrument of the bards. Despite (or perhaps because of) their ancient nature, there is a special kind of magic that flows through the sounds of harp music<\/span><\/p>\n<p>[\/et_pb_text][\/et_pb_column][et_pb_column type=&#8220;1_2&#8243; _builder_version=&#8220;4.23&#8243; _module_preset=&#8220;default&#8220; global_colors_info=&#8220;{}&#8220;][et_pb_image src=&#8220;https:\/\/selkieanderson.com\/wp-content\/uploads\/2023\/10\/Keltische-Harfe.jpg&#8220; title_text=&#8220;Keltische Harfe&#8220; _builder_version=&#8220;4.23&#8243; _module_preset=&#8220;default&#8220; custom_margin=&#8220;39px||||false|false&#8220; scroll_fade_enable=&#8220;on&#8220; scroll_fade=&#8220;0|30|30|100|52%|100|100&#8243; border_radii=&#8220;on|11px|11px|11px|11px&#8220; box_shadow_style=&#8220;preset2&#8243; global_colors_info=&#8220;{}&#8220;][\/et_pb_image][\/et_pb_column][\/et_pb_row][\/et_pb_section][et_pb_section fb_built=&#8220;1&#8243; prev_background_color=&#8220;#ffffff&#8220; disabled_on=&#8220;off|off|on&#8220; admin_label=&#8220;Sektion_divider_oben_welle_mb&#8220; _builder_version=&#8220;4.23&#8243; _module_preset=&#8220;default&#8220; background_color=&#8220;rgba(191,191,191,0.28)&#8220; top_divider_style=&#8220;wave2&#8243; bottom_divider_color=&#8220;rgba(191,191,191,0.28)&#8220; global_colors_info=&#8220;{}&#8220;][et_pb_row _builder_version=&#8220;4.23&#8243; _module_preset=&#8220;default&#8220; custom_margin=&#8220;||0px|0px|false|false&#8220; global_colors_info=&#8220;{}&#8220;][et_pb_column type=&#8220;4_4&#8243; _builder_version=&#8220;4.23&#8243; _module_preset=&#8220;default&#8220; global_colors_info=&#8220;{}&#8220;][\/et_pb_column][\/et_pb_row][\/et_pb_section][et_pb_section fb_built=&#8220;1&#8243; disabled_on=&#8220;off|off|on&#8220; admin_label=&#8220;Sektion_mb&#8220; _builder_version=&#8220;4.23&#8243; _module_preset=&#8220;default&#8220; background_color=&#8220;rgba(191,191,191,0.29)&#8220; global_colors_info=&#8220;{}&#8220;][et_pb_row column_structure=&#8220;1_2,1_2&#8243; _builder_version=&#8220;4.23&#8243; _module_preset=&#8220;default&#8220; global_colors_info=&#8220;{}&#8220;][et_pb_column type=&#8220;1_2&#8243; _builder_version=&#8220;4.23&#8243; _module_preset=&#8220;default&#8220; global_colors_info=&#8220;{}&#8220;][et_pb_text _builder_version=&#8220;4.23&#8243; _module_preset=&#8220;default&#8220; scroll_fade_enable=&#8220;on&#8220; scroll_fade=&#8220;15|30|30|100|0|100|100&#8243; scroll_fade_tablet=&#8220;15|30|30|100|0|100|100&#8243; scroll_fade_phone=&#8220;0|30|30|100|100%|100|100&#8243; scroll_fade_last_edited=&#8220;on|phone&#8220; global_colors_info=&#8220;{}&#8220;]<\/p>\n<h3>The Hang<\/h3>\n<p><span>The hang is a Swiss innovation from 2001. The term handpan has established itself for this type of instrument, as the hang started a wave of new instrument creations. The original hang that Selkie plays, was invented by Felix Rohner und Sabina Sch\u00e4rer in Bern, who created the hang building company PanArt back then.<\/span><\/p>\n<p><span>Hang music can take the listener into a mystical world of sound. Sensitive people can feel the tunes inside their entire body. The music that is played can range from meditative to percussive. There is something old to this new instrument, almost like it was not newly created but rediscovered.<\/span><\/p>\n<p><span>The hang was initially available in different keys and the instrument was developed to be played with the hands. This is where the name of the instrument comes from, because \"hang\" is a Swiss\/Bern word for hand. However, there are also other ways of playing it, for example with soft  \n rubber mallets to achieve different sounds. This creates melodies ranging from meditative to percussive.<\/span><\/p>\n<p><span>A lot has happened since the early days of this instrument, original hangs are no longer made but many other handpan companies have been on the rise.<\/span><\/p>\n<p>[\/et_pb_text][\/et_pb_column][et_pb_column type=&#8220;1_2&#8243; _builder_version=&#8220;4.23&#8243; _module_preset=&#8220;default&#8220; global_colors_info=&#8220;{}&#8220;][et_pb_image src=&#8220;https:\/\/selkieanderson.com\/wp-content\/uploads\/2023\/10\/Hang.jpg&#8220; title_text=&#8220;Hang&#8220; disabled_on=&#8220;off|off|on&#8220; _builder_version=&#8220;4.23&#8243; _module_preset=&#8220;default&#8220; custom_margin=&#8220;39px||||false|false&#8220; border_radii=&#8220;on|11px|11px|11px|11px&#8220; box_shadow_style=&#8220;preset2&#8243; global_colors_info=&#8220;{}&#8220;][\/et_pb_image][\/et_pb_column][\/et_pb_row][\/et_pb_section][et_pb_section fb_built=&#8220;1&#8243; disabled_on=&#8220;on|on|off&#8220; admin_label=&#8220;Sektion_placeholder&#8220; _builder_version=&#8220;4.23&#8243; _module_preset=&#8220;default&#8220; background_color=&#8220;rgba(191,191,191,0.28)&#8220; global_colors_info=&#8220;{}&#8220;][et_pb_row _builder_version=&#8220;4.23&#8243; _module_preset=&#8220;default&#8220; global_colors_info=&#8220;{}&#8220;][et_pb_column type=&#8220;4_4&#8243; _builder_version=&#8220;4.23&#8243; _module_preset=&#8220;default&#8220; global_colors_info=&#8220;{}&#8220;][\/et_pb_column][\/et_pb_row][\/et_pb_section][et_pb_section fb_built=&#8220;1&#8243; disabled_on=&#8220;on|on|off&#8220; admin_label=&#8220;Sektion_placeholder&#8220; _builder_version=&#8220;4.23&#8243; _module_preset=&#8220;default&#8220; background_color=&#8220;rgba(191,191,191,0.28)&#8220; global_colors_info=&#8220;{}&#8220;][et_pb_row _builder_version=&#8220;4.23&#8243; _module_preset=&#8220;default&#8220; global_colors_info=&#8220;{}&#8220;][et_pb_column type=&#8220;4_4&#8243; _builder_version=&#8220;4.23&#8243; _module_preset=&#8220;default&#8220; global_colors_info=&#8220;{}&#8220;][\/et_pb_column][\/et_pb_row][\/et_pb_section][et_pb_section fb_built=&#8220;1&#8243; disabled_on=&#8220;on|on|off&#8220; admin_label=&#8220;Sektion_placeholder&#8220; _builder_version=&#8220;4.23&#8243; _module_preset=&#8220;default&#8220; background_color=&#8220;rgba(191,191,191,0.28)&#8220; global_colors_info=&#8220;{}&#8220;][et_pb_row _builder_version=&#8220;4.23&#8243; _module_preset=&#8220;default&#8220; global_colors_info=&#8220;{}&#8220;][et_pb_column type=&#8220;4_4&#8243; _builder_version=&#8220;4.23&#8243; _module_preset=&#8220;default&#8220; global_colors_info=&#8220;{}&#8220;][\/et_pb_column][\/et_pb_row][\/et_pb_section]<\/p>","protected":false},"excerpt":{"rendered":"<p>Die (keltische) Harfe Sie geh\u00f6rt mit zu den \u00e4ltesten Instrumenten der Menschheit. Die Wurzeln der Harfe gehen zur\u00fcck bis in die Zeit um 3000 v.Chr. \u2013 und noch heute faszinieren die sanften Saitenkl\u00e4nge viele Menschen. Die Melodien wirken beruhigend und laden zum Tr\u00e4umen ein. Harfen gibt es in verschiedensten Bauweisen und mit unterschiedlicher Besaitung, woraus [&hellip;]<\/p>","protected":false},"author":1,"featured_media":0,"parent":0,"menu_order":0,"comment_status":"closed","ping_status":"closed","template":"","meta":{"_et_pb_use_builder":"on","_et_pb_old_content":"","_et_gb_content_width":"","footnotes":""},"difl_page_category":[],"class_list":["post-39","page","type-page","status-publish","hentry"],"yoast_head":"<!-- This site is optimized with the Yoast SEO plugin v26.8 - https:\/\/yoast.com\/product\/yoast-seo-wordpress\/ -->\n<title>Instrumente - Selkie Anderson<\/title>\n<meta name=\"robots\" content=\"noindex, follow, max-snippet:-1, max-image-preview:large, max-video-preview:-1\" \/>\n<meta property=\"og:locale\" content=\"en_GB\" \/>\n<meta property=\"og:type\" content=\"article\" \/>\n<meta property=\"og:title\" content=\"Instrumente - Selkie Anderson\" \/>\n<meta property=\"og:description\" content=\"Die (keltische) Harfe Sie geh\u00f6rt mit zu den \u00e4ltesten Instrumenten der Menschheit. Die Wurzeln der Harfe gehen zur\u00fcck bis in die Zeit um 3000 v.Chr. \u2013 und noch heute faszinieren die sanften Saitenkl\u00e4nge viele Menschen. Die Melodien wirken beruhigend und laden zum Tr\u00e4umen ein. Harfen gibt es in verschiedensten Bauweisen und mit unterschiedlicher Besaitung, woraus [&hellip;]\" \/>\n<meta property=\"og:url\" content=\"https:\/\/selkieanderson.com\/en\/instruments\/\" \/>\n<meta property=\"og:site_name\" content=\"Selkie Anderson\" \/>\n<meta property=\"article:modified_time\" content=\"2024-07-30T18:16:17+00:00\" \/>\n<meta name=\"twitter:card\" content=\"summary_large_image\" \/>\n<meta name=\"twitter:label1\" content=\"Estimated reading time\" \/>\n\t<meta name=\"twitter:data1\" content=\"7 minutes\" \/>\n<script type=\"application\/ld+json\" class=\"yoast-schema-graph\">{\"@context\":\"https:\/\/schema.org\",\"@graph\":[{\"@type\":\"WebPage\",\"@id\":\"https:\/\/selkieanderson.com\/instruments\",\"url\":\"https:\/\/selkieanderson.com\/instruments\",\"name\":\"Instrumente - Selkie Anderson\",\"isPartOf\":{\"@id\":\"https:\/\/selkieanderson.com\/#website\"},\"datePublished\":\"2023-10-29T18:18:40+00:00\",\"dateModified\":\"2024-07-30T18:16:17+00:00\",\"breadcrumb\":{\"@id\":\"https:\/\/selkieanderson.com\/instruments#breadcrumb\"},\"inLanguage\":\"en-GB\",\"potentialAction\":[{\"@type\":\"ReadAction\",\"target\":[\"https:\/\/selkieanderson.com\/instruments\"]}]},{\"@type\":\"BreadcrumbList\",\"@id\":\"https:\/\/selkieanderson.com\/instruments#breadcrumb\",\"itemListElement\":[{\"@type\":\"ListItem\",\"position\":1,\"name\":\"Startseite\",\"item\":\"https:\/\/selkieanderson.com\/\"},{\"@type\":\"ListItem\",\"position\":2,\"name\":\"Instrumente\"}]},{\"@type\":\"WebSite\",\"@id\":\"https:\/\/selkieanderson.com\/#website\",\"url\":\"https:\/\/selkieanderson.com\/\",\"name\":\"Selkie Anderson\",\"description\":\"Fairytale Harp Music - M\u00e4rchenhafte Harfenkl\u00e4nge\",\"potentialAction\":[{\"@type\":\"SearchAction\",\"target\":{\"@type\":\"EntryPoint\",\"urlTemplate\":\"https:\/\/selkieanderson.com\/?s={search_term_string}\"},\"query-input\":{\"@type\":\"PropertyValueSpecification\",\"valueRequired\":true,\"valueName\":\"search_term_string\"}}],\"inLanguage\":\"en-GB\"}]}<\/script>\n<!-- \/ Yoast SEO plugin. -->","yoast_head_json":{"title":"Instrumente - Selkie Anderson","robots":{"index":"noindex","follow":"follow","max-snippet":"max-snippet:-1","max-image-preview":"max-image-preview:large","max-video-preview":"max-video-preview:-1"},"og_locale":"en_GB","og_type":"article","og_title":"Instrumente - Selkie Anderson","og_description":"Die (keltische) Harfe Sie geh\u00f6rt mit zu den \u00e4ltesten Instrumenten der Menschheit. Die Wurzeln der Harfe gehen zur\u00fcck bis in die Zeit um 3000 v.Chr. \u2013 und noch heute faszinieren die sanften Saitenkl\u00e4nge viele Menschen. Die Melodien wirken beruhigend und laden zum Tr\u00e4umen ein. Harfen gibt es in verschiedensten Bauweisen und mit unterschiedlicher Besaitung, woraus [&hellip;]","og_url":"https:\/\/selkieanderson.com\/en\/instruments\/","og_site_name":"Selkie Anderson","article_modified_time":"2024-07-30T18:16:17+00:00","twitter_card":"summary_large_image","twitter_misc":{"Estimated reading time":"7 minutes"},"schema":{"@context":"https:\/\/schema.org","@graph":[{"@type":"WebPage","@id":"https:\/\/selkieanderson.com\/instruments","url":"https:\/\/selkieanderson.com\/instruments","name":"Instrumente - Selkie Anderson","isPartOf":{"@id":"https:\/\/selkieanderson.com\/#website"},"datePublished":"2023-10-29T18:18:40+00:00","dateModified":"2024-07-30T18:16:17+00:00","breadcrumb":{"@id":"https:\/\/selkieanderson.com\/instruments#breadcrumb"},"inLanguage":"en-GB","potentialAction":[{"@type":"ReadAction","target":["https:\/\/selkieanderson.com\/instruments"]}]},{"@type":"BreadcrumbList","@id":"https:\/\/selkieanderson.com\/instruments#breadcrumb","itemListElement":[{"@type":"ListItem","position":1,"name":"Startseite","item":"https:\/\/selkieanderson.com\/"},{"@type":"ListItem","position":2,"name":"Instrumente"}]},{"@type":"WebSite","@id":"https:\/\/selkieanderson.com\/#website","url":"https:\/\/selkieanderson.com\/","name":"Selkie Anderson","description":"Fairytale Harp Music - M\u00e4rchenhafte Harfenkl\u00e4nge","potentialAction":[{"@type":"SearchAction","target":{"@type":"EntryPoint","urlTemplate":"https:\/\/selkieanderson.com\/?s={search_term_string}"},"query-input":{"@type":"PropertyValueSpecification","valueRequired":true,"valueName":"search_term_string"}}],"inLanguage":"en-GB"}]}},"_links":{"self":[{"href":"https:\/\/selkieanderson.com\/en\/wp-json\/wp\/v2\/pages\/39","targetHints":{"allow":["GET"]}}],"collection":[{"href":"https:\/\/selkieanderson.com\/en\/wp-json\/wp\/v2\/pages"}],"about":[{"href":"https:\/\/selkieanderson.com\/en\/wp-json\/wp\/v2\/types\/page"}],"author":[{"embeddable":true,"href":"https:\/\/selkieanderson.com\/en\/wp-json\/wp\/v2\/users\/1"}],"replies":[{"embeddable":true,"href":"https:\/\/selkieanderson.com\/en\/wp-json\/wp\/v2\/comments?post=39"}],"version-history":[{"count":1,"href":"https:\/\/selkieanderson.com\/en\/wp-json\/wp\/v2\/pages\/39\/revisions"}],"predecessor-version":[{"id":1371,"href":"https:\/\/selkieanderson.com\/en\/wp-json\/wp\/v2\/pages\/39\/revisions\/1371"}],"wp:attachment":[{"href":"https:\/\/selkieanderson.com\/en\/wp-json\/wp\/v2\/media?parent=39"}],"wp:term":[{"taxonomy":"difl_page_category","embeddable":true,"href":"https:\/\/selkieanderson.com\/en\/wp-json\/wp\/v2\/difl_page_category?post=39"}],"curies":[{"name":"wp","href":"https:\/\/api.w.org\/{rel}","templated":true}]}}