{"id":294,"date":"2023-10-30T14:23:46","date_gmt":"2023-10-30T14:23:46","guid":{"rendered":"https:\/\/selkieanderson.com\/?page_id=294"},"modified":"2023-10-30T18:33:51","modified_gmt":"2023-10-30T18:33:51","slug":"impressum","status":"publish","type":"page","link":"https:\/\/selkieanderson.com\/en\/impressum","title":{"rendered":"Legal Disclosure"},"content":{"rendered":"<p>[et_pb_section fb_built=&#8220;1&#8243; theme_builder_area=&#8220;post_content&#8220; _builder_version=&#8220;4.23&#8243; _module_preset=&#8220;default&#8220;][et_pb_row _builder_version=&#8220;4.23&#8243; _module_preset=&#8220;default&#8220; theme_builder_area=&#8220;post_content&#8220;][et_pb_column _builder_version=&#8220;4.23&#8243; _module_preset=&#8220;default&#8220; type=&#8220;4_4&#8243; theme_builder_area=&#8220;post_content&#8220;][et_pb_text _builder_version=&#8220;4.23&#8243; _module_preset=&#8220;default&#8220; theme_builder_area=&#8220;post_content&#8220; hover_enabled=&#8220;0&#8243; sticky_enabled=&#8220;0&#8243;]<strong><span style=\"color: #222222;\">Legal Disclosure<\/span><\/strong><\/p>\n<div class=\"impressum\">\n<p>Information in accordance with section 5 TMG<\/p>\n<p>Selkie Anderson<br \/>\nGeb\u00e4ude P-BlockC-172<br \/>\nLeopoldstra\u00dfe 2-8<br \/>\n32051 Herford<br \/>\nDeutschland<\/p>\n<p><strong>Owner <\/strong><br \/>\nSelkie Anderson<\/p>\n<p><strong>Contact:<\/strong><br \/>\nTel: 0176 &#8211; 64374467<br \/>\nE-Mail: info [at] selkieanderson.com<\/p>\n<p><strong>Disclaimer <\/strong><\/p>\n<p><strong>Accountability for content<\/strong><\/p>\n<p>The contents of our pages have been created with the utmost care. However, we cannot guarantee the contents' accuracy, completeness or topicality. According to statutory provisions, we are furthermore responsible forour own content on these web pages. In this matter, please note that we are not obliged to monitorthe transmitted or saved information of third parties, or investigate circumstances pointing to illegal activity. Our obligations to remove or block the use of information under generally applicable laws remain unaffected by this as per \u00a7\u00a7 8 to 10 of the Telemedia Act (TMG).<\/p>\n<p><strong>Accountability for links<\/strong><\/p>\n<p>Responsibility for the content of external links (to web pages of third parties) lies solely with the operators of the linked pages. No violations were evident to us at the time of linking. Should any legal infringement become known to us, we will remove the respective link immediately.<\/p>\n<p><strong>Copyright<\/strong><\/p>\n<p>Our web pages and their contents are subject to German copyright law. Unless expressly permitted by law, every form of utilizing, reproducing or processing works subject to copyright protection on our web pages requires the prior consent of the respective owner of the rights. Individual reproductions of a work are only allowed for private use. The materials from these pages are copyrighted and any unauthorized use may violate copyright laws<\/p>\n<p><strong>Privacy Policy \/ Data Protection<\/strong><\/p>\n<p>The use of our website is generally possible without providing personal data. Insofar as personal data (e.g. name, address or e-mail addresses) is collected on our pages, this is always done on a voluntary basis as far as possible. This data will not be passed on to third parties without your express consent.<br \/>\nWe would like to point out that data transmission on the Internet (e.g. communication by e-mail) can have security gaps. Complete protection of data against access by third parties is not possible.<br \/>\nThe use of contact data published within the scope of the imprint obligation by third parties for the purpose of sending unsolicited advertising and information material is hereby expressly prohibited. The operators of the pages expressly reserve the right to take legal action in the event of the unsolicited sending of advertising information, for example through spam mails.<\/p>\n<p>See Also <a href=\"https:\/\/selkieanderson.com\/en\/datenschutzerklaerung\/\">Privacy Policy<\/a>.<\/p>\n<p>Website Legal Disclosure created by <a href=\"https:\/\/www.impressum-generator.de\">impressum-generator.de<\/a> by <a href=\"https:\/\/www.kanzlei-hasselbach.de\/\">Kanzlei Hasselbach<\/a><\/p>\n<\/div>\n<p>[\/et_pb_text][\/et_pb_column][\/et_pb_row][\/et_pb_section]<\/p>","protected":false},"excerpt":{"rendered":"<p>Impressum Angaben gem\u00e4\u00df \u00a7 5 TMG Selkie Anderson Geb\u00e4ude P-BlockC-172 Leopoldstra\u00dfe 2-8 32051 Herford Deutschland Vertreten durch: Selkie Anderson Kontakt: Tel: 0176 &#8211; 64374467 E-Mail: info [at] selkieanderson.com Haftungsausschluss: Haftung f\u00fcr Inhalte Die Inhalte unserer Seiten wurden mit gr\u00f6\u00dfter Sorgfalt erstellt. F\u00fcr die Richtigkeit, Vollst\u00e4ndigkeit und Aktualit\u00e4t der Inhalte k\u00f6nnen wir jedoch keine Gew\u00e4hr \u00fcbernehmen. [&hellip;]<\/p>","protected":false},"author":1,"featured_media":0,"parent":0,"menu_order":0,"comment_status":"closed","ping_status":"closed","template":"","meta":{"_et_pb_use_builder":"on","_et_pb_old_content":"","_et_gb_content_width":"","footnotes":""},"difl_page_category":[],"class_list":["post-294","page","type-page","status-publish","hentry"],"yoast_head":"<!-- This site is optimized with the Yoast SEO plugin v26.8 - https:\/\/yoast.com\/product\/yoast-seo-wordpress\/ -->\n<title>Impressum - Selkie Anderson<\/title>\n<meta name=\"robots\" content=\"noindex, follow, max-snippet:-1, max-image-preview:large, max-video-preview:-1\" \/>\n<meta property=\"og:locale\" content=\"en_GB\" \/>\n<meta property=\"og:type\" content=\"article\" \/>\n<meta property=\"og:title\" content=\"Impressum - Selkie Anderson\" \/>\n<meta property=\"og:description\" content=\"Impressum Angaben gem\u00e4\u00df \u00a7 5 TMG Selkie Anderson Geb\u00e4ude P-BlockC-172 Leopoldstra\u00dfe 2-8 32051 Herford Deutschland Vertreten durch: Selkie Anderson Kontakt: Tel: 0176 - 64374467 E-Mail: info [at] selkieanderson.com Haftungsausschluss: Haftung f\u00fcr Inhalte Die Inhalte unserer Seiten wurden mit gr\u00f6\u00dfter Sorgfalt erstellt. F\u00fcr die Richtigkeit, Vollst\u00e4ndigkeit und Aktualit\u00e4t der Inhalte k\u00f6nnen wir jedoch keine Gew\u00e4hr \u00fcbernehmen. [&hellip;]\" \/>\n<meta property=\"og:url\" content=\"https:\/\/selkieanderson.com\/en\/impressum\/\" \/>\n<meta property=\"og:site_name\" content=\"Selkie Anderson\" \/>\n<meta property=\"article:modified_time\" content=\"2023-10-30T18:33:51+00:00\" \/>\n<meta name=\"twitter:card\" content=\"summary_large_image\" \/>\n<meta name=\"twitter:label1\" content=\"Estimated reading time\" \/>\n\t<meta name=\"twitter:data1\" content=\"3 minutes\" \/>\n<script type=\"application\/ld+json\" class=\"yoast-schema-graph\">{\"@context\":\"https:\/\/schema.org\",\"@graph\":[{\"@type\":\"WebPage\",\"@id\":\"https:\/\/selkieanderson.com\/impressum\",\"url\":\"https:\/\/selkieanderson.com\/impressum\",\"name\":\"Impressum - Selkie Anderson\",\"isPartOf\":{\"@id\":\"https:\/\/selkieanderson.com\/#website\"},\"datePublished\":\"2023-10-30T14:23:46+00:00\",\"dateModified\":\"2023-10-30T18:33:51+00:00\",\"breadcrumb\":{\"@id\":\"https:\/\/selkieanderson.com\/impressum#breadcrumb\"},\"inLanguage\":\"en-GB\",\"potentialAction\":[{\"@type\":\"ReadAction\",\"target\":[\"https:\/\/selkieanderson.com\/impressum\"]}]},{\"@type\":\"BreadcrumbList\",\"@id\":\"https:\/\/selkieanderson.com\/impressum#breadcrumb\",\"itemListElement\":[{\"@type\":\"ListItem\",\"position\":1,\"name\":\"Startseite\",\"item\":\"https:\/\/selkieanderson.com\/\"},{\"@type\":\"ListItem\",\"position\":2,\"name\":\"Impressum\"}]},{\"@type\":\"WebSite\",\"@id\":\"https:\/\/selkieanderson.com\/#website\",\"url\":\"https:\/\/selkieanderson.com\/\",\"name\":\"Selkie Anderson\",\"description\":\"Fairytale Harp Music - M\u00e4rchenhafte Harfenkl\u00e4nge\",\"potentialAction\":[{\"@type\":\"SearchAction\",\"target\":{\"@type\":\"EntryPoint\",\"urlTemplate\":\"https:\/\/selkieanderson.com\/?s={search_term_string}\"},\"query-input\":{\"@type\":\"PropertyValueSpecification\",\"valueRequired\":true,\"valueName\":\"search_term_string\"}}],\"inLanguage\":\"en-GB\"}]}<\/script>\n<!-- \/ Yoast SEO plugin. -->","yoast_head_json":{"title":"Impressum - Selkie Anderson","robots":{"index":"noindex","follow":"follow","max-snippet":"max-snippet:-1","max-image-preview":"max-image-preview:large","max-video-preview":"max-video-preview:-1"},"og_locale":"en_GB","og_type":"article","og_title":"Impressum - Selkie Anderson","og_description":"Impressum Angaben gem\u00e4\u00df \u00a7 5 TMG Selkie Anderson Geb\u00e4ude P-BlockC-172 Leopoldstra\u00dfe 2-8 32051 Herford Deutschland Vertreten durch: Selkie Anderson Kontakt: Tel: 0176 - 64374467 E-Mail: info [at] selkieanderson.com Haftungsausschluss: Haftung f\u00fcr Inhalte Die Inhalte unserer Seiten wurden mit gr\u00f6\u00dfter Sorgfalt erstellt. F\u00fcr die Richtigkeit, Vollst\u00e4ndigkeit und Aktualit\u00e4t der Inhalte k\u00f6nnen wir jedoch keine Gew\u00e4hr \u00fcbernehmen. [&hellip;]","og_url":"https:\/\/selkieanderson.com\/en\/impressum\/","og_site_name":"Selkie Anderson","article_modified_time":"2023-10-30T18:33:51+00:00","twitter_card":"summary_large_image","twitter_misc":{"Estimated reading time":"3 minutes"},"schema":{"@context":"https:\/\/schema.org","@graph":[{"@type":"WebPage","@id":"https:\/\/selkieanderson.com\/impressum","url":"https:\/\/selkieanderson.com\/impressum","name":"Impressum - Selkie Anderson","isPartOf":{"@id":"https:\/\/selkieanderson.com\/#website"},"datePublished":"2023-10-30T14:23:46+00:00","dateModified":"2023-10-30T18:33:51+00:00","breadcrumb":{"@id":"https:\/\/selkieanderson.com\/impressum#breadcrumb"},"inLanguage":"en-GB","potentialAction":[{"@type":"ReadAction","target":["https:\/\/selkieanderson.com\/impressum"]}]},{"@type":"BreadcrumbList","@id":"https:\/\/selkieanderson.com\/impressum#breadcrumb","itemListElement":[{"@type":"ListItem","position":1,"name":"Startseite","item":"https:\/\/selkieanderson.com\/"},{"@type":"ListItem","position":2,"name":"Impressum"}]},{"@type":"WebSite","@id":"https:\/\/selkieanderson.com\/#website","url":"https:\/\/selkieanderson.com\/","name":"Selkie Anderson","description":"Fairytale Harp Music - M\u00e4rchenhafte Harfenkl\u00e4nge","potentialAction":[{"@type":"SearchAction","target":{"@type":"EntryPoint","urlTemplate":"https:\/\/selkieanderson.com\/?s={search_term_string}"},"query-input":{"@type":"PropertyValueSpecification","valueRequired":true,"valueName":"search_term_string"}}],"inLanguage":"en-GB"}]}},"_links":{"self":[{"href":"https:\/\/selkieanderson.com\/en\/wp-json\/wp\/v2\/pages\/294","targetHints":{"allow":["GET"]}}],"collection":[{"href":"https:\/\/selkieanderson.com\/en\/wp-json\/wp\/v2\/pages"}],"about":[{"href":"https:\/\/selkieanderson.com\/en\/wp-json\/wp\/v2\/types\/page"}],"author":[{"embeddable":true,"href":"https:\/\/selkieanderson.com\/en\/wp-json\/wp\/v2\/users\/1"}],"replies":[{"embeddable":true,"href":"https:\/\/selkieanderson.com\/en\/wp-json\/wp\/v2\/comments?post=294"}],"version-history":[{"count":0,"href":"https:\/\/selkieanderson.com\/en\/wp-json\/wp\/v2\/pages\/294\/revisions"}],"wp:attachment":[{"href":"https:\/\/selkieanderson.com\/en\/wp-json\/wp\/v2\/media?parent=294"}],"wp:term":[{"taxonomy":"difl_page_category","embeddable":true,"href":"https:\/\/selkieanderson.com\/en\/wp-json\/wp\/v2\/difl_page_category?post=294"}],"curies":[{"name":"wp","href":"https:\/\/api.w.org\/{rel}","templated":true}]}}